{"id":638,"date":"2023-12-24T11:28:14","date_gmt":"2023-12-24T11:28:14","guid":{"rendered":"http:\/\/svfreden.de\/?page_id=638"},"modified":"2026-02-15T15:59:25","modified_gmt":"2026-02-15T15:59:25","slug":"fredender-himmelfahrtskommando-2","status":"publish","type":"page","link":"https:\/\/svfreden.de\/?page_id=638","title":{"rendered":"Fredener &#8222;Himmelfahrtskommando&#8220;"},"content":{"rendered":"\n<h1 style=\"font-size:30px\"><strong>Schnapszahlenschie\u00dfen zu Himmelfahrt 2026<\/strong><\/h1>\n\n\n\n<p>Gerne m\u00f6chten wir Euch zu unserem Pokalschie\u00dfen der besonderen Art begr\u00fc\u00dfen:<\/p>\n\n\n\n<p>Beim dritten Fredener &#8222;Himmelfahrtskommando&#8220; absolviert Ihr <strong>111 Schuss<\/strong> mit dem Luftgewehr oder der Luftpistole. Neben Preisen f\u00fcr die Besten, gibt es Sonderpreise f\u00fcr Schnapszahlenteiler und Schnapszahlenplatzierungen.<\/p>\n\n\n\n<hr class=\"wp-block-separator\"\/>\n\n\n\n<p><a href=\"https:\/\/ssvalfeld-my.sharepoint.com\/:b:\/g\/personal\/sv_freden_schiesssport_ssv-alfeld_de\/IQCtmdrjOxmXR5ONu-J5MLGuASrmx-pw1_XWv2t-Q8k5ph8?e=yoFC8s\" data-type=\"URL\">Hier geht es zur <strong>Ausschreibung<\/strong><\/a><\/p>\n\n\n\n<p><\/p>\n\n\n\n<p><\/p>\n\n\n\n<p><a href=\"https:\/\/ssvalfeld-my.sharepoint.com\/:x:\/g\/personal\/sv_freden_schiesssport_ssv-alfeld_de\/EQGyZGe3bfBGmo31sNHRxx4Bj2WoY5Zp356sx3K_Ubpikw?e=JHfUN4\">Ergebnisse 2025<\/a> <\/p>\n\n\n\n<p><\/p>\n\n\n\n<div style=\"height:41px\" aria-hidden=\"true\" class=\"wp-block-spacer\"><\/div>\n\n\n\n<p style=\"font-size:30px\"><strong>Termine<\/strong><\/p>\n\n\n\n<div style=\"height:30px\" aria-hidden=\"true\" class=\"wp-block-spacer\"><\/div>\n\n\n\n<p style=\"line-height:1\">Donnerstag, <strong>14.05.2026<\/strong> (Himmelfahrt) und Freitag, <strong>15.05.2026:<\/strong><\/p>\n\n\n\n<p style=\"line-height:1.5\">      <em>  Start jeweils 13:00 Uhr, 15:30 Uhr und 18:00 Uhr (letzter Start)<\/em><\/p>\n\n\n\n<p>Samstag,<strong> 16.05.2026<\/strong>:<\/p>\n\n\n\n<p>       <em>Start 11:00 Uhr, 13:30 Uhr und  16:00 Uhr (letzter Start)<\/em><\/p>\n\n\n\n<div style=\"height:41px\" aria-hidden=\"true\" class=\"wp-block-spacer\"><\/div>\n\n\n\n<p style=\"font-size:30px\"><strong>Anmeldung<\/strong><\/p>\n\n\n\n<div style=\"height:30px\" aria-hidden=\"true\" class=\"wp-block-spacer\"><\/div>\n\n\n\n<p>Bitte w\u00e4hlt zur Anmeldung eine freie Startzeit aus der folgenden Liste aus. Bitte dabei beachten, dass nur bestimmte St\u00e4nde f\u00fcr LG (digitale) und andere f\u00fcr LP (Pappscheiben) ausgew\u00e4hlt werden k\u00f6nnen: <strong><a rel=\"noreferrer noopener\" href=\"https:\/\/ssvalfeld-my.sharepoint.com\/:x:\/g\/personal\/sv_freden_schiesssport_ssv-alfeld_de\/IQDOCT5ex59ER5TeEkQn5pOhAUKwhvyFE9wLLgcuJZH_o_4?e=lqQLrh\" target=\"_blank\">Standbelegung<\/a><\/strong><\/p>\n\n\n\n<p>In der Anmeldung muss Euer Name, Euer Geburtsdatum, Euer Verein, Eure Disziplin und die gew\u00fcnschte Startzeit enthalten sein. Gerne k\u00f6nnt Ihr auch gleich mehrere Teilnehmer Eures Vereins zusammen anmelden. <\/p>\n\n\n\n<p>Die Anmeldung sendet Ihr via Mail an: <a href=\"mailto:pokal@svfreden.de\">pokal@svfreden.de<\/a> <\/p>\n\n\n\n<div style=\"height:41px\" aria-hidden=\"true\" class=\"wp-block-spacer\"><\/div>\n\n\n\n<h1 style=\"font-size:30px\"><strong>FAQ<\/strong><\/h1>\n\n\n\n<div style=\"height:20px\" aria-hidden=\"true\" class=\"wp-block-spacer\"><\/div>\n\n\n\n<p><em>Gibt es digitale St\u00e4nde?<\/em><\/p>\n\n\n\n<p>Seit 2026 haben wir 8 digitale St\u00e4nde und 6 Scheibenzuganlagen mit Pappscheiben. Um die Vergleichbarkeit zu gew\u00e4hrleisten, schie\u00dfen alle Luftgewehrdisziplinen (Auflage und Freistehend) auf die digitalen Anlagen. Luftpistole wird auf Pappscheiben geschossen.<\/p>\n\n\n\n<div style=\"height:20px\" aria-hidden=\"true\" class=\"wp-block-spacer\"><\/div>\n\n\n\n<p><em>K\u00f6nnen wir als Mannschaft starten?<\/em><\/p>\n\n\n\n<p>Eine Mannschaftswertung ist nicht vorgesehen.<\/p>\n","protected":false},"excerpt":{"rendered":"<p>Schnapszahlenschie\u00dfen zu Himmelfahrt 2026 Gerne m\u00f6chten wir Euch zu unserem Pokalschie\u00dfen der besonderen Art begr\u00fc\u00dfen: Beim dritten Fredener &#8222;Himmelfahrtskommando&#8220; absolviert Ihr 111 Schuss mit dem Luftgewehr oder der Luftpistole. Neben Preisen f\u00fcr die Besten, gibt es Sonderpreise f\u00fcr Schnapszahlenteiler und Schnapszahlenplatzierungen. Hier geht es zur Ausschreibung Ergebnisse 2025 Termine Donnerstag, 14.05.2026 (Himmelfahrt) und Freitag, 15.05.2026: &hellip; <\/p>\n<p class=\"link-more\"><a href=\"https:\/\/svfreden.de\/?page_id=638\" class=\"more-link\"><span class=\"screen-reader-text\">\u201eFredener &#8222;Himmelfahrtskommando&#8220;\u201c<\/span> weiterlesen<\/a><\/p>\n","protected":false},"author":1,"featured_media":0,"parent":0,"menu_order":0,"comment_status":"closed","ping_status":"closed","template":"","meta":[],"_links":{"self":[{"href":"https:\/\/svfreden.de\/index.php?rest_route=\/wp\/v2\/pages\/638"}],"collection":[{"href":"https:\/\/svfreden.de\/index.php?rest_route=\/wp\/v2\/pages"}],"about":[{"href":"https:\/\/svfreden.de\/index.php?rest_route=\/wp\/v2\/types\/page"}],"author":[{"embeddable":true,"href":"https:\/\/svfreden.de\/index.php?rest_route=\/wp\/v2\/users\/1"}],"replies":[{"embeddable":true,"href":"https:\/\/svfreden.de\/index.php?rest_route=%2Fwp%2Fv2%2Fcomments&post=638"}],"version-history":[{"count":50,"href":"https:\/\/svfreden.de\/index.php?rest_route=\/wp\/v2\/pages\/638\/revisions"}],"predecessor-version":[{"id":828,"href":"https:\/\/svfreden.de\/index.php?rest_route=\/wp\/v2\/pages\/638\/revisions\/828"}],"wp:attachment":[{"href":"https:\/\/svfreden.de\/index.php?rest_route=%2Fwp%2Fv2%2Fmedia&parent=638"}],"curies":[{"name":"wp","href":"https:\/\/api.w.org\/{rel}","templated":true}]}}