{"id":51,"date":"2020-04-13T20:58:52","date_gmt":"2020-04-13T20:58:52","guid":{"rendered":"http:\/\/onlinegespeichert.de\/?page_id=51"},"modified":"2026-03-26T11:58:13","modified_gmt":"2026-03-26T11:58:13","slug":"trainingszeiten","status":"publish","type":"page","link":"https:\/\/svfreden.de\/?page_id=51","title":{"rendered":"Trainingszeiten"},"content":{"rendered":"\n<p>Wenn Ihr Interesse am Schie\u00dfsport habt, k\u00f6nnt ihr die jeweiligen Trainingszeiten den unten stehenden Tabellen entnehmen.<\/p>\n\n\n\n<p>Bitte nehmt im Vorfeld kurz Kontakt mit uns auf, damit wir sicherstellen k\u00f6nnen, dass auch ein Trainer f\u00fcr die jeweilige Disziplin f\u00fcr Euch da ist (info@svfreden.de). Normalerweise ist dann ein Probetraining zu den Trainingszeiten kurzfristig m\u00f6glich.<\/p>\n\n\n\n<p>Freitags k\u00f6nnt ihr in der Regel f\u00fcr ein Kugel-Probetraining auch einfach mal so vorbeischauen. <\/p>\n\n\n\n<p><\/p>\n\n\n\n<figure class=\"wp-block-table is-style-stripes\"><table><tbody><tr><td><strong>Kugeldisziplinen (Gewehr und Pistole)<\/strong><br><strong>im Sch\u00fctzenhaus<\/strong><\/td><td><\/td><\/tr><tr><td>8 bis 11 Jahre (Lichtpunktgewehr)<\/td><td>Fr. 17 Uhr bis 18:30 Uhr<\/td><\/tr><tr><td>Jugend (bis 21 Jahre)<\/td><td>Fr. 17 Uhr bis 18:30 Uhr<\/td><\/tr><tr><td>Freies Training (alle Alterstufen)<\/td><td>Fr. ab 18:30 Uhr<\/td><\/tr><tr><td>Freies Training (alle Alterstufen &#8211; nur Fortgeschrittene!)<\/td><td>So. 10 Uhr bis 12 Uhr<\/td><\/tr><tr><td>Leistungstraining<\/td><td>nach Bedarf an weiteren Tagen<\/td><\/tr><\/tbody><\/table><\/figure>\n\n\n\n<figure class=\"wp-block-table is-style-stripes\"><table><tbody><tr><td><strong>Blasrohr<\/strong> <br><strong>im Sch\u00fctzenhaus<\/strong><\/td><td><\/td><\/tr><tr><td>Alle Altersstufen<\/td><td>Di. 18 Uhr bis 19:30 Uhr<\/td><\/tr><\/tbody><\/table><\/figure>\n\n\n\n<figure class=\"wp-block-table is-style-stripes\"><table><tbody><tr><td><strong>Bogenschie\u00dfen<\/strong><br><strong>in der Sporthalle<\/strong><\/td><td><strong>Winterhalbjahr (01.10. bis 31.03.)<\/strong><\/td><\/tr><tr><td>Alle<\/td><td>Do. 19:30 bis 21:30 Uhr<\/td><\/tr><tr><td>Anf\u00e4nger<\/td><td>Sa. 14:00 bis 16:00 Uhr<\/td><\/tr><tr><td>Turniersch\u00fctzen<\/td><td>Sa. 16:00 bis 18:00 Uhr<\/td><\/tr><tr><td>Alle<\/td><td>So. 10 Uhr bis 12 Uhr<\/td><\/tr><tr><td><strong>Bogenschie\u00dfen<\/strong><br><strong>Am Sportplatz<\/strong><\/td><td><strong>Sommerhalbjahr (01.04. bis 30.09.)<\/strong><\/td><\/tr><tr><td>Alle<\/td><td>Di. 18:00 bis 20:00 Uhr<\/td><\/tr><tr><td>Alle<\/td><td>So. 10:30 bis 12:30 Uhr<\/td><\/tr><tr><td>Fortgeschrittene<\/td><td>jederzeit nach Asprache<\/td><\/tr><\/tbody><\/table><\/figure>\n\n\n\n<p>                            <\/p>\n","protected":false},"excerpt":{"rendered":"<p>Wenn Ihr Interesse am Schie\u00dfsport habt, k\u00f6nnt ihr die jeweiligen Trainingszeiten den unten stehenden Tabellen entnehmen. Bitte nehmt im Vorfeld kurz Kontakt mit uns auf, damit wir sicherstellen k\u00f6nnen, dass auch ein Trainer f\u00fcr die jeweilige Disziplin f\u00fcr Euch da ist (info@svfreden.de). Normalerweise ist dann ein Probetraining zu den Trainingszeiten kurzfristig m\u00f6glich. Freitags k\u00f6nnt ihr &hellip; <\/p>\n<p class=\"link-more\"><a href=\"https:\/\/svfreden.de\/?page_id=51\" class=\"more-link\"><span class=\"screen-reader-text\">\u201eTrainingszeiten\u201c<\/span> weiterlesen<\/a><\/p>\n","protected":false},"author":1,"featured_media":0,"parent":456,"menu_order":0,"comment_status":"closed","ping_status":"closed","template":"","meta":[],"_links":{"self":[{"href":"https:\/\/svfreden.de\/index.php?rest_route=\/wp\/v2\/pages\/51"}],"collection":[{"href":"https:\/\/svfreden.de\/index.php?rest_route=\/wp\/v2\/pages"}],"about":[{"href":"https:\/\/svfreden.de\/index.php?rest_route=\/wp\/v2\/types\/page"}],"author":[{"embeddable":true,"href":"https:\/\/svfreden.de\/index.php?rest_route=\/wp\/v2\/users\/1"}],"replies":[{"embeddable":true,"href":"https:\/\/svfreden.de\/index.php?rest_route=%2Fwp%2Fv2%2Fcomments&post=51"}],"version-history":[{"count":16,"href":"https:\/\/svfreden.de\/index.php?rest_route=\/wp\/v2\/pages\/51\/revisions"}],"predecessor-version":[{"id":842,"href":"https:\/\/svfreden.de\/index.php?rest_route=\/wp\/v2\/pages\/51\/revisions\/842"}],"up":[{"embeddable":true,"href":"https:\/\/svfreden.de\/index.php?rest_route=\/wp\/v2\/pages\/456"}],"wp:attachment":[{"href":"https:\/\/svfreden.de\/index.php?rest_route=%2Fwp%2Fv2%2Fmedia&parent=51"}],"curies":[{"name":"wp","href":"https:\/\/api.w.org\/{rel}","templated":true}]}}