{"id":447,"date":"2021-03-20T23:59:57","date_gmt":"2021-03-20T23:59:57","guid":{"rendered":"http:\/\/onlinegespeichert.de\/?page_id=447"},"modified":"2022-07-03T20:22:22","modified_gmt":"2022-07-03T20:22:22","slug":"unsere-trainingsanlagen","status":"publish","type":"page","link":"https:\/\/svfreden.de\/?page_id=447","title":{"rendered":"Unsere Trainingsanlagen"},"content":{"rendered":"\n<p>Unseren Sch\u00fctzinnen und Sch\u00fctzen stehen eine Vielzahl an Trainingsanlagen zur Verf\u00fcgung. So haben wir im Sch\u00fctzenhaus zwei Luftdruckst\u00e4nde &#8211; einer mit 8, der andere mit 6 St\u00e4nden. Des weiteren haben wir einen halb-offenen Kleinkaliberstand mit 4 St\u00e4nden. Die St\u00e4nde stehen uns jederzeit zur Verf\u00fcgung.<\/p>\n\n\n\n<p>Direkt neben dem Sch\u00fctzenhaus haben wir einen kleinen Trainingsplatz f\u00fcr die Bogenabteilung. Des weiteren haben wir einen zweiten, deutlich gr\u00f6\u00dferen Trainingsplatz am Sportplatz in Freden. Beide Pl\u00e4tze sind nach Absprache jederzeit nutzbar. Es k\u00f6nnen Entfernungen bis zu 70 m geschossen werden. Im Winter haben wir zahlreiche Trainingstermine in der Fredener Sporthalle.<\/p>\n\n\n\n<p><\/p>\n","protected":false},"excerpt":{"rendered":"<p>Unseren Sch\u00fctzinnen und Sch\u00fctzen stehen eine Vielzahl an Trainingsanlagen zur Verf\u00fcgung. So haben wir im Sch\u00fctzenhaus zwei Luftdruckst\u00e4nde &#8211; einer mit 8, der andere mit 6 St\u00e4nden. Des weiteren haben wir einen halb-offenen Kleinkaliberstand mit 4 St\u00e4nden. Die St\u00e4nde stehen uns jederzeit zur Verf\u00fcgung. Direkt neben dem Sch\u00fctzenhaus haben wir einen kleinen Trainingsplatz f\u00fcr die &hellip; <\/p>\n<p class=\"link-more\"><a href=\"https:\/\/svfreden.de\/?page_id=447\" class=\"more-link\"><span class=\"screen-reader-text\">\u201eUnsere Trainingsanlagen\u201c<\/span> weiterlesen<\/a><\/p>\n","protected":false},"author":1,"featured_media":0,"parent":443,"menu_order":0,"comment_status":"closed","ping_status":"closed","template":"","meta":[],"_links":{"self":[{"href":"https:\/\/svfreden.de\/index.php?rest_route=\/wp\/v2\/pages\/447"}],"collection":[{"href":"https:\/\/svfreden.de\/index.php?rest_route=\/wp\/v2\/pages"}],"about":[{"href":"https:\/\/svfreden.de\/index.php?rest_route=\/wp\/v2\/types\/page"}],"author":[{"embeddable":true,"href":"https:\/\/svfreden.de\/index.php?rest_route=\/wp\/v2\/users\/1"}],"replies":[{"embeddable":true,"href":"https:\/\/svfreden.de\/index.php?rest_route=%2Fwp%2Fv2%2Fcomments&post=447"}],"version-history":[{"count":4,"href":"https:\/\/svfreden.de\/index.php?rest_route=\/wp\/v2\/pages\/447\/revisions"}],"predecessor-version":[{"id":536,"href":"https:\/\/svfreden.de\/index.php?rest_route=\/wp\/v2\/pages\/447\/revisions\/536"}],"up":[{"embeddable":true,"href":"https:\/\/svfreden.de\/index.php?rest_route=\/wp\/v2\/pages\/443"}],"wp:attachment":[{"href":"https:\/\/svfreden.de\/index.php?rest_route=%2Fwp%2Fv2%2Fmedia&parent=447"}],"curies":[{"name":"wp","href":"https:\/\/api.w.org\/{rel}","templated":true}]}}