{"id":443,"date":"2021-03-20T23:55:48","date_gmt":"2021-03-20T23:55:48","guid":{"rendered":"http:\/\/onlinegespeichert.de\/?page_id=443"},"modified":"2022-07-10T13:29:31","modified_gmt":"2022-07-10T13:29:31","slug":"der-verein","status":"publish","type":"page","link":"https:\/\/svfreden.de\/?page_id=443","title":{"rendered":"Der Verein"},"content":{"rendered":"\n<div class=\"wp-block-cover has-background-dim-20 has-black-background-color has-background-dim\" style=\"min-height:267px\"><img loading=\"lazy\" width=\"2300\" height=\"590\" class=\"wp-block-cover__image-background wp-image-539\" alt=\"\" src=\"http:\/\/onlinegespeichert.de\/wp-content\/uploads\/2022\/07\/terminland-bild.png\" style=\"object-position:56% 47%\" data-object-fit=\"cover\" data-object-position=\"56% 47%\" srcset=\"https:\/\/svfreden.de\/wp-content\/uploads\/2022\/07\/terminland-bild.png 2300w, https:\/\/svfreden.de\/wp-content\/uploads\/2022\/07\/terminland-bild-300x77.png 300w, https:\/\/svfreden.de\/wp-content\/uploads\/2022\/07\/terminland-bild-700x180.png 700w, https:\/\/svfreden.de\/wp-content\/uploads\/2022\/07\/terminland-bild-768x197.png 768w, https:\/\/svfreden.de\/wp-content\/uploads\/2022\/07\/terminland-bild-1536x394.png 1536w, https:\/\/svfreden.de\/wp-content\/uploads\/2022\/07\/terminland-bild-2048x525.png 2048w\" sizes=\"(max-width: 706px) 89vw, (max-width: 767px) 82vw, 740px\" \/><div class=\"wp-block-cover__inner-container\">\n<p class=\"has-text-align-center has-large-font-size\"><\/p>\n<\/div><\/div>\n\n\n\n<p>Das Bild zeigt das Sch\u00fctzenhaus an der Ostenbergstr. 27 in Freden (Leine) <\/p>\n\n\n\n<p><\/p>\n\n\n\n<p><\/p>\n\n\n\n<p>Weitere Informationen \u00fcber den Sch\u00fctzenverein Freden unter folgenden Links:<\/p>\n\n\n\n<p><a href=\"https:\/\/svfreden.de\/?page_id=447\" data-type=\"URL\" data-id=\"https:\/\/svfreden.de\/?page_id=447\">Unsere Trainingsanlagen<\/a><\/p>\n\n\n\n<p><a href=\"https:\/\/svfreden.de\/?page_id=440\" data-type=\"URL\" data-id=\"https:\/\/svfreden.de\/?page_id=440\">Unser Vorstand<\/a><\/p>\n\n\n\n<p><a href=\"https:\/\/svfreden.de\/?page_id=445\" data-type=\"URL\" data-id=\"https:\/\/svfreden.de\/?page_id=445\">Vereinsgeschichte<\/a><\/p>\n\n\n\n<p><\/p>\n","protected":false},"excerpt":{"rendered":"<p>Das Bild zeigt das Sch\u00fctzenhaus an der Ostenbergstr. 27 in Freden (Leine) Weitere Informationen \u00fcber den Sch\u00fctzenverein Freden unter folgenden Links: Unsere Trainingsanlagen Unser Vorstand Vereinsgeschichte<\/p>\n","protected":false},"author":1,"featured_media":0,"parent":0,"menu_order":0,"comment_status":"closed","ping_status":"closed","template":"","meta":[],"_links":{"self":[{"href":"https:\/\/svfreden.de\/index.php?rest_route=\/wp\/v2\/pages\/443"}],"collection":[{"href":"https:\/\/svfreden.de\/index.php?rest_route=\/wp\/v2\/pages"}],"about":[{"href":"https:\/\/svfreden.de\/index.php?rest_route=\/wp\/v2\/types\/page"}],"author":[{"embeddable":true,"href":"https:\/\/svfreden.de\/index.php?rest_route=\/wp\/v2\/users\/1"}],"replies":[{"embeddable":true,"href":"https:\/\/svfreden.de\/index.php?rest_route=%2Fwp%2Fv2%2Fcomments&post=443"}],"version-history":[{"count":6,"href":"https:\/\/svfreden.de\/index.php?rest_route=\/wp\/v2\/pages\/443\/revisions"}],"predecessor-version":[{"id":582,"href":"https:\/\/svfreden.de\/index.php?rest_route=\/wp\/v2\/pages\/443\/revisions\/582"}],"wp:attachment":[{"href":"https:\/\/svfreden.de\/index.php?rest_route=%2Fwp%2Fv2%2Fmedia&parent=443"}],"curies":[{"name":"wp","href":"https:\/\/api.w.org\/{rel}","templated":true}]}}