{"id":402,"date":"2021-03-14T21:55:37","date_gmt":"2021-03-14T21:55:37","guid":{"rendered":"http:\/\/onlinegespeichert.de\/?page_id=402"},"modified":"2022-07-03T20:10:16","modified_gmt":"2022-07-03T20:10:16","slug":"pistolenschiessen","status":"publish","type":"page","link":"https:\/\/svfreden.de\/?page_id=402","title":{"rendered":"Pistolenschie\u00dfen"},"content":{"rendered":"\n<p><strong>Luftpistole<\/strong><\/p>\n\n\n\n<p>Der sportliche Pistolenanschlag hat mit dem aus Film und Fernsehen bekannten Schie\u00dfen fast nichts gemeinsam. Der Sch\u00fctze steht nicht frontal zur Scheibe, sondern etwas seitlich gedreht.<\/p>\n\n\n\n<div class=\"wp-block-cover has-background-dim-30 has-black-background-color has-background-dim\"><img loading=\"lazy\" width=\"2560\" height=\"1440\" class=\"wp-block-cover__image-background wp-image-530\" alt=\"\" src=\"http:\/\/onlinegespeichert.de\/wp-content\/uploads\/2022\/07\/AdobeStock_247366016-scaled.jpeg\" data-object-fit=\"cover\" srcset=\"https:\/\/svfreden.de\/wp-content\/uploads\/2022\/07\/AdobeStock_247366016-scaled.jpeg 2560w, https:\/\/svfreden.de\/wp-content\/uploads\/2022\/07\/AdobeStock_247366016-300x169.jpeg 300w, https:\/\/svfreden.de\/wp-content\/uploads\/2022\/07\/AdobeStock_247366016-700x394.jpeg 700w, https:\/\/svfreden.de\/wp-content\/uploads\/2022\/07\/AdobeStock_247366016-768x432.jpeg 768w, https:\/\/svfreden.de\/wp-content\/uploads\/2022\/07\/AdobeStock_247366016-1536x864.jpeg 1536w, https:\/\/svfreden.de\/wp-content\/uploads\/2022\/07\/AdobeStock_247366016-2048x1152.jpeg 2048w\" sizes=\"(max-width: 706px) 89vw, (max-width: 767px) 82vw, 740px\" \/><div class=\"wp-block-cover__inner-container\">\n<p class=\"has-text-align-center has-large-font-size\"><\/p>\n<\/div><\/div>\n\n\n\n<p>Er h\u00e4lt die Luftpistole mit ausgestrecktem Arm und nur einer Hand. Dies verlangt dem Sch\u00fctzen eine spezielle Kondition ab, um die Waffe m\u00f6glichst ruhig halten zu k\u00f6nnen. Gezielt wird \u00fcber Kimme und Korn. Die Entfernung zur Scheibe betr\u00e4gt wie beim Luftgewehr 10 Meter, allerdings f\u00e4llt der Zehner Ring mit 11,5 Millimetern Durchmesser etwas gr\u00f6\u00dfer aus. Um den Abzug auszul\u00f6sen muss ein Gewicht von mindestens 500 Gramm \u00fcberwunden werden, was es nicht gerade einfach macht, die Pistole \u00fcber die gesamte Wettkampfl\u00e4nge von 40 Schuss ruhig und sauber im Ziel zu halten.<\/p>\n\n\n\n<p><strong>Freie Pistole<\/strong><\/p>\n\n\n\n<p>Das Schie\u00dfen mit der Freien Pistole ist die K\u00f6nigsdisziplin unter den Pistolensportarten. Die Freie Pistole wird so genannt, weil hier die Sportordnung des Deutschen Sch\u00fctzenbundes die indi-viduellsten Umbauten und pers\u00f6nlichen Einstellungen zul\u00e4sst.<\/p>\n\n\n\n<p>Festgelegt ist das Kaliber 5,6 mm wie beim KK-Gewehr, au\u00dferdem sind nur Einzellader erlaubt. Der Griff umschlie\u00dft die Hand so passgenau, das man die Pistole beim Aufnehmen wie einen Handschuh anziehen muss. Das Abzugsgewicht ist beliebig und wird meist gegen null eingestellt, auch elektronische Sensoren werden gern eingebaut. Aus Sicherheitsgr\u00fcnden ist der Abzug so konstruiert, das zwischen Laden und Schie\u00dfen vor jedem Schu\u00df entsichert werden muss( Stecherabzug). Die beim Abziehen gesparte Kraft wird auch dringend gebraucht ,denn es m\u00fcssen im Wettkampf 60 Sch\u00fcsse abgegeben werden. Die Zehn ist hier mit 50 Millimetern Durchmesser am gr\u00f6\u00dften von allen Disziplinen, was aber \u00fcber Kimme und Korn nicht wirklich so aussieht.<\/p>\n","protected":false},"excerpt":{"rendered":"<p>Luftpistole Der sportliche Pistolenanschlag hat mit dem aus Film und Fernsehen bekannten Schie\u00dfen fast nichts gemeinsam. Der Sch\u00fctze steht nicht frontal zur Scheibe, sondern etwas seitlich gedreht. Er h\u00e4lt die Luftpistole mit ausgestrecktem Arm und nur einer Hand. Dies verlangt dem Sch\u00fctzen eine spezielle Kondition ab, um die Waffe m\u00f6glichst ruhig halten zu k\u00f6nnen. Gezielt &hellip; <\/p>\n<p class=\"link-more\"><a href=\"https:\/\/svfreden.de\/?page_id=402\" class=\"more-link\"><span class=\"screen-reader-text\">\u201ePistolenschie\u00dfen\u201c<\/span> weiterlesen<\/a><\/p>\n","protected":false},"author":1,"featured_media":0,"parent":366,"menu_order":0,"comment_status":"closed","ping_status":"closed","template":"","meta":[],"_links":{"self":[{"href":"https:\/\/svfreden.de\/index.php?rest_route=\/wp\/v2\/pages\/402"}],"collection":[{"href":"https:\/\/svfreden.de\/index.php?rest_route=\/wp\/v2\/pages"}],"about":[{"href":"https:\/\/svfreden.de\/index.php?rest_route=\/wp\/v2\/types\/page"}],"author":[{"embeddable":true,"href":"https:\/\/svfreden.de\/index.php?rest_route=\/wp\/v2\/users\/1"}],"replies":[{"embeddable":true,"href":"https:\/\/svfreden.de\/index.php?rest_route=%2Fwp%2Fv2%2Fcomments&post=402"}],"version-history":[{"count":3,"href":"https:\/\/svfreden.de\/index.php?rest_route=\/wp\/v2\/pages\/402\/revisions"}],"predecessor-version":[{"id":532,"href":"https:\/\/svfreden.de\/index.php?rest_route=\/wp\/v2\/pages\/402\/revisions\/532"}],"up":[{"embeddable":true,"href":"https:\/\/svfreden.de\/index.php?rest_route=\/wp\/v2\/pages\/366"}],"wp:attachment":[{"href":"https:\/\/svfreden.de\/index.php?rest_route=%2Fwp%2Fv2%2Fmedia&parent=402"}],"curies":[{"name":"wp","href":"https:\/\/api.w.org\/{rel}","templated":true}]}}