{"id":400,"date":"2021-03-14T21:50:19","date_gmt":"2021-03-14T21:50:19","guid":{"rendered":"http:\/\/onlinegespeichert.de\/?page_id=400"},"modified":"2022-07-03T20:04:55","modified_gmt":"2022-07-03T20:04:55","slug":"gewehrschiessen","status":"publish","type":"page","link":"https:\/\/svfreden.de\/?page_id=400","title":{"rendered":"Gewehrschie\u00dfen"},"content":{"rendered":"\n<p><\/p>\n\n\n\n<p>Man erkennt die Gewehrsch\u00fctzen bereits auf dem Weg zum Stand am schweren Gep\u00e4ck in Form von Gewehrtasche und Sporttasche mit reichhaltigem Zubeh\u00f6r. Schie\u00dfjacke und Schie\u00dfhose aus festem Leinen geben dem K\u00f6rper Halt. Schie\u00dfschuhe mit flacher, harter Sohle bieten sicheren Stand und der Schie\u00dfhandschuh entlastet die St\u00fctzhand. Funktionsunterw\u00e4sche im Sommer oder eine Strickjacke im Winter machen die \u201eR\u00fcstung\u201c komplett. Gezielt wird beim Gewehr mit Hilfe eines Diopters und eines Ringkornes. Sobald sich \u201edas Schwarze\u201c in der Mitte des Ringkornes befindet, wird der Abzug bet\u00e4tigt und man schie\u00dft eine Zehn.<\/p>\n\n\n\n<div class=\"wp-block-cover has-background-dim-20 has-black-background-color has-background-dim\"><img loading=\"lazy\" width=\"2560\" height=\"1707\" class=\"wp-block-cover__image-background wp-image-525\" alt=\"\" src=\"http:\/\/onlinegespeichert.de\/wp-content\/uploads\/2022\/07\/AdobeStock_83323059-scaled.jpeg\" data-object-fit=\"cover\" srcset=\"https:\/\/svfreden.de\/wp-content\/uploads\/2022\/07\/AdobeStock_83323059-scaled.jpeg 2560w, https:\/\/svfreden.de\/wp-content\/uploads\/2022\/07\/AdobeStock_83323059-300x200.jpeg 300w, https:\/\/svfreden.de\/wp-content\/uploads\/2022\/07\/AdobeStock_83323059-700x467.jpeg 700w, https:\/\/svfreden.de\/wp-content\/uploads\/2022\/07\/AdobeStock_83323059-768x512.jpeg 768w, https:\/\/svfreden.de\/wp-content\/uploads\/2022\/07\/AdobeStock_83323059-1536x1024.jpeg 1536w, https:\/\/svfreden.de\/wp-content\/uploads\/2022\/07\/AdobeStock_83323059-2048x1365.jpeg 2048w\" sizes=\"(max-width: 706px) 89vw, (max-width: 767px) 82vw, 740px\" \/><div class=\"wp-block-cover__inner-container\"><\/div><\/div>\n\n\n\n<p>Der Reiz an dieser Sportart ist, dass es eben nicht so einfach ist, wie es sich anh\u00f6rt. Vielmehr erfordert es ein hohes Ma\u00df an Konzentration und K\u00f6rperbeherrschung. Neben einer ruhigen Hand und innerer Ruhe braucht man auch eine gute allgemeine Kondition. Immerhin gilt es, auf die Entfernung von 10 Metern einen 0,5 Millimeter kleinen Punkt zu Treffen. Beim Kleinkaliberschie\u00dfen ist die Zehn bei einer Distanz von 50 Metern mit 10,4 Millimetern Durchmesser auch recht klein.<br>Im Wettkampf werden mit dem Luftgewehr 40 Schuss stehend freih\u00e4ndig geschossen. Senioren schie\u00dfen aufgelegt. Mit dem Kleinkalibergewehr stehen zwei Programme zur Auswahl: Der Wettkampf KK 60 Schuss liegend sind speziell im Winter etwas f\u00fcr Hartgesottene.<br>Vielseitiger ist der Dreistellungskampf. In der Reihenfolge Liegend-Stehend-Kniend werden jeweils 20 Schuss abgegeben.<br>Au\u00dferdem werden zur Kontaktpflege zwischen den Vereinen regelm\u00e4\u00dfig Pokalschie\u00dfen &#8222;KK aufgelegt&#8220; veranstaltet<\/p>\n","protected":false},"excerpt":{"rendered":"<p>Man erkennt die Gewehrsch\u00fctzen bereits auf dem Weg zum Stand am schweren Gep\u00e4ck in Form von Gewehrtasche und Sporttasche mit reichhaltigem Zubeh\u00f6r. Schie\u00dfjacke und Schie\u00dfhose aus festem Leinen geben dem K\u00f6rper Halt. Schie\u00dfschuhe mit flacher, harter Sohle bieten sicheren Stand und der Schie\u00dfhandschuh entlastet die St\u00fctzhand. Funktionsunterw\u00e4sche im Sommer oder eine Strickjacke im Winter machen &hellip; <\/p>\n<p class=\"link-more\"><a href=\"https:\/\/svfreden.de\/?page_id=400\" class=\"more-link\"><span class=\"screen-reader-text\">\u201eGewehrschie\u00dfen\u201c<\/span> weiterlesen<\/a><\/p>\n","protected":false},"author":1,"featured_media":0,"parent":366,"menu_order":0,"comment_status":"closed","ping_status":"closed","template":"","meta":[],"_links":{"self":[{"href":"https:\/\/svfreden.de\/index.php?rest_route=\/wp\/v2\/pages\/400"}],"collection":[{"href":"https:\/\/svfreden.de\/index.php?rest_route=\/wp\/v2\/pages"}],"about":[{"href":"https:\/\/svfreden.de\/index.php?rest_route=\/wp\/v2\/types\/page"}],"author":[{"embeddable":true,"href":"https:\/\/svfreden.de\/index.php?rest_route=\/wp\/v2\/users\/1"}],"replies":[{"embeddable":true,"href":"https:\/\/svfreden.de\/index.php?rest_route=%2Fwp%2Fv2%2Fcomments&post=400"}],"version-history":[{"count":5,"href":"https:\/\/svfreden.de\/index.php?rest_route=\/wp\/v2\/pages\/400\/revisions"}],"predecessor-version":[{"id":529,"href":"https:\/\/svfreden.de\/index.php?rest_route=\/wp\/v2\/pages\/400\/revisions\/529"}],"up":[{"embeddable":true,"href":"https:\/\/svfreden.de\/index.php?rest_route=\/wp\/v2\/pages\/366"}],"wp:attachment":[{"href":"https:\/\/svfreden.de\/index.php?rest_route=%2Fwp%2Fv2%2Fmedia&parent=400"}],"curies":[{"name":"wp","href":"https:\/\/api.w.org\/{rel}","templated":true}]}}