{"id":305,"date":"2021-03-14T11:33:06","date_gmt":"2021-03-14T11:33:06","guid":{"rendered":"http:\/\/onlinegespeichert.de\/?page_id=305"},"modified":"2021-03-14T12:18:29","modified_gmt":"2021-03-14T12:18:29","slug":"willkommen-im-schuetzenverein-freden","status":"publish","type":"page","link":"https:\/\/svfreden.de\/","title":{"rendered":"Willkommen im Sch\u00fctzenverein Freden"},"content":{"rendered":"\n<p>In unserem Sportsch\u00fctzenverein kannst Du ganz unterschiedliche Disziplinen kennen lernen und, wenn Du m\u00f6chtest, Dich in Wettk\u00e4mpfen bis an die Spitze bringen!<\/p>\n","protected":false},"excerpt":{"rendered":"<p>In unserem Sportsch\u00fctzenverein kannst Du ganz unterschiedliche Disziplinen kennen lernen und, wenn Du m\u00f6chtest, Dich in Wettk\u00e4mpfen bis an die Spitze bringen!<\/p>\n","protected":false},"author":1,"featured_media":0,"parent":0,"menu_order":0,"comment_status":"closed","ping_status":"closed","template":"","meta":[],"_links":{"self":[{"href":"https:\/\/svfreden.de\/index.php?rest_route=\/wp\/v2\/pages\/305"}],"collection":[{"href":"https:\/\/svfreden.de\/index.php?rest_route=\/wp\/v2\/pages"}],"about":[{"href":"https:\/\/svfreden.de\/index.php?rest_route=\/wp\/v2\/types\/page"}],"author":[{"embeddable":true,"href":"https:\/\/svfreden.de\/index.php?rest_route=\/wp\/v2\/users\/1"}],"replies":[{"embeddable":true,"href":"https:\/\/svfreden.de\/index.php?rest_route=%2Fwp%2Fv2%2Fcomments&post=305"}],"version-history":[{"count":8,"href":"https:\/\/svfreden.de\/index.php?rest_route=\/wp\/v2\/pages\/305\/revisions"}],"predecessor-version":[{"id":335,"href":"https:\/\/svfreden.de\/index.php?rest_route=\/wp\/v2\/pages\/305\/revisions\/335"}],"wp:attachment":[{"href":"https:\/\/svfreden.de\/index.php?rest_route=%2Fwp%2Fv2%2Fmedia&parent=305"}],"curies":[{"name":"wp","href":"https:\/\/api.w.org\/{rel}","templated":true}]}}